{"id":181,"date":"2026-03-15T19:03:46","date_gmt":"2026-03-15T19:03:46","guid":{"rendered":"https:\/\/reliefko.si\/index.php\/domov\/"},"modified":"2026-03-15T19:03:53","modified_gmt":"2026-03-15T19:03:53","slug":"domov","status":"publish","type":"page","link":"https:\/\/reliefko.si\/","title":{"rendered":"Domov"},"content":{"rendered":"\t\t<div data-elementor-type=\"wp-page\" data-elementor-id=\"181\" class=\"elementor elementor-181\">\n\t\t\t\t<div class=\"elementor-element elementor-element-11416b7 e-con-full e-flex e-con e-parent\" data-id=\"11416b7\" data-element_type=\"container\" data-e-type=\"container\" data-settings=\"{&quot;background_background&quot;:&quot;classic&quot;}\">\n\t\t<div class=\"elementor-element elementor-element-eb7639c e-con-full e-flex e-con e-child\" data-id=\"eb7639c\" data-element_type=\"container\" data-e-type=\"container\" data-settings=\"{&quot;background_background&quot;:&quot;classic&quot;}\">\n\t\t\t\t<div class=\"elementor-element elementor-element-e515829 elementor-widget elementor-widget-heading\" data-id=\"e515829\" data-element_type=\"widget\" data-e-type=\"widget\" data-widget_type=\"heading.default\">\n\t\t\t\t\t<h5 class=\"elementor-heading-title elementor-size-default\">Na\u0161a zgodba<\/h5>\t\t\t\t<\/div>\n\t\t\t\t<div class=\"elementor-element elementor-element-9dfdbd0 elementor-widget elementor-widget-heading\" data-id=\"9dfdbd0\" data-element_type=\"widget\" data-e-type=\"widget\" data-widget_type=\"heading.default\">\n\t\t\t\t\t<h1 class=\"elementor-heading-title elementor-size-default\">U\u017eivajte v naravi z na\u0161imi unikatnimi dekoracijami<\/h1>\t\t\t\t<\/div>\n\t\t\t\t<div class=\"elementor-element elementor-element-f67184f elementor-widget elementor-widget-text-editor\" data-id=\"f67184f\" data-element_type=\"widget\" data-e-type=\"widget\" data-widget_type=\"text-editor.default\">\n\t\t\t\t\t\t\t\t\t<p>Odkrijte \u010darobne trenutke narave skozi na\u0161e 3D tiskane pokrajinske dekoracije. Vsak izdelek je zasnovan z ljubeznijo in pozornostjo, da vam prinese ob\u010dutek miru in lepote. Razveselite svoj dom ter se pove\u017eite z naravo na edinstven na\u010din.<\/p>\t\t\t\t\t\t\t\t<\/div>\n\t\t\t\t<div class=\"elementor-element elementor-element-8feb320 elementor-widget__width-auto elementor-widget elementor-widget-button\" data-id=\"8feb320\" data-element_type=\"widget\" data-e-type=\"widget\" data-widget_type=\"button.default\">\n\t\t\t\t\t\t\t\t\t\t<a class=\"elementor-button elementor-button-link elementor-size-sm\" href=\"#\">\n\t\t\t\t\t\t<span class=\"elementor-button-content-wrapper\">\n\t\t\t\t\t\t\t\t\t<span class=\"elementor-button-text\">Razi\u0161\u010dite zdaj!<\/span>\n\t\t\t\t\t<\/span>\n\t\t\t\t\t<\/a>\n\t\t\t\t\t\t\t\t<\/div>\n\t\t\t\t<\/div>\n\t\t\t\t<\/div>\n\t\t<div class=\"elementor-element elementor-element-298c223 e-flex e-con-boxed e-con e-parent\" data-id=\"298c223\" data-element_type=\"container\" data-e-type=\"container\">\n\t\t\t\t\t<div class=\"e-con-inner\">\n\t\t<div class=\"elementor-element elementor-element-3b4ed9e e-con-full e-flex e-con e-child\" data-id=\"3b4ed9e\" data-element_type=\"container\" data-e-type=\"container\">\n\t\t\t\t<div class=\"elementor-element elementor-element-0ec1e03 elementor-widget elementor-widget-heading\" data-id=\"0ec1e03\" data-element_type=\"widget\" data-e-type=\"widget\" data-widget_type=\"heading.default\">\n\t\t\t\t\t<h5 class=\"elementor-heading-title elementor-size-default\">Na\u0161a poslanstvo<\/h5>\t\t\t\t<\/div>\n\t\t\t\t<div class=\"elementor-element elementor-element-7253bc8 elementor-widget elementor-widget-heading\" data-id=\"7253bc8\" data-element_type=\"widget\" data-e-type=\"widget\" data-widget_type=\"heading.default\">\n\t\t\t\t\t<h2 class=\"elementor-heading-title elementor-size-default\">Odkrijte edinstvene 3D tiskane umetnine<\/h2>\t\t\t\t<\/div>\n\t\t\t\t<\/div>\n\t\t<div class=\"elementor-element elementor-element-0f65e0e e-con-full e-flex e-con e-child\" data-id=\"0f65e0e\" data-element_type=\"container\" data-e-type=\"container\">\n\t\t\t\t<div class=\"elementor-element elementor-element-d144ff5 elementor-widget elementor-widget-text-editor\" data-id=\"d144ff5\" data-element_type=\"widget\" data-e-type=\"widget\" data-widget_type=\"text-editor.default\">\n\t\t\t\t\t\t\t\t\t<p>Na\u0161a zgodba se osredoto\u010da na ljubezen do narave in umetnosti. S strastjo oblikujemo edinstvene 3D tiskane dekorativne izdelke, ki prina\u0161ajo toplino in naravo v va\u0161 prostor.<\/p>\t\t\t\t\t\t\t\t<\/div>\n\t\t\t\t<div class=\"elementor-element elementor-element-cce0562 elementor-icon-list--layout-traditional elementor-list-item-link-full_width elementor-widget elementor-widget-icon-list\" data-id=\"cce0562\" data-element_type=\"widget\" data-e-type=\"widget\" data-widget_type=\"icon-list.default\">\n\t\t\t\t\t\t\t<ul class=\"elementor-icon-list-items\">\n\t\t\t\t\t\t\t<li class=\"elementor-icon-list-item\">\n\t\t\t\t\t\t\t\t\t\t\t<span class=\"elementor-icon-list-icon\">\n\t\t\t\t\t\t\t<svg aria-hidden=\"true\" class=\"e-font-icon-svg e-fas-star\" viewBox=\"0 0 576 512\" xmlns=\"http:\/\/www.w3.org\/2000\/svg\"><path d=\"M259.3 17.8L194 150.2 47.9 171.5c-26.2 3.8-36.7 36.1-17.7 54.6l105.7 103-25 145.5c-4.5 26.3 23.2 46 46.4 33.7L288 439.6l130.7 68.7c23.2 12.2 50.9-7.4 46.4-33.7l-25-145.5 105.7-103c19-18.5 8.5-50.8-17.7-54.6L382 150.2 316.7 17.8c-11.7-23.6-45.6-23.9-57.4 0z\"><\/path><\/svg>\t\t\t\t\t\t<\/span>\n\t\t\t\t\t\t\t\t\t\t<span class=\"elementor-icon-list-text\">Kakovostni izdelki, ki vas navdu\u0161ijo.<\/span>\n\t\t\t\t\t\t\t\t\t<\/li>\n\t\t\t\t\t\t\t\t<li class=\"elementor-icon-list-item\">\n\t\t\t\t\t\t\t\t\t\t\t<span class=\"elementor-icon-list-icon\">\n\t\t\t\t\t\t\t<svg aria-hidden=\"true\" class=\"e-font-icon-svg e-fas-star\" viewBox=\"0 0 576 512\" xmlns=\"http:\/\/www.w3.org\/2000\/svg\"><path d=\"M259.3 17.8L194 150.2 47.9 171.5c-26.2 3.8-36.7 36.1-17.7 54.6l105.7 103-25 145.5c-4.5 26.3 23.2 46 46.4 33.7L288 439.6l130.7 68.7c23.2 12.2 50.9-7.4 46.4-33.7l-25-145.5 105.7-103c19-18.5 8.5-50.8-17.7-54.6L382 150.2 316.7 17.8c-11.7-23.6-45.6-23.9-57.4 0z\"><\/path><\/svg>\t\t\t\t\t\t<\/span>\n\t\t\t\t\t\t\t\t\t\t<span class=\"elementor-icon-list-text\">Personalizacija, ki prina\u0161a va\u0161o vizijo v \u017eivljenje.<\/span>\n\t\t\t\t\t\t\t\t\t<\/li>\n\t\t\t\t\t\t\t\t<li class=\"elementor-icon-list-item\">\n\t\t\t\t\t\t\t\t\t\t\t<span class=\"elementor-icon-list-icon\">\n\t\t\t\t\t\t\t<svg aria-hidden=\"true\" class=\"e-font-icon-svg e-fas-star\" viewBox=\"0 0 576 512\" xmlns=\"http:\/\/www.w3.org\/2000\/svg\"><path d=\"M259.3 17.8L194 150.2 47.9 171.5c-26.2 3.8-36.7 36.1-17.7 54.6l105.7 103-25 145.5c-4.5 26.3 23.2 46 46.4 33.7L288 439.6l130.7 68.7c23.2 12.2 50.9-7.4 46.4-33.7l-25-145.5 105.7-103c19-18.5 8.5-50.8-17.7-54.6L382 150.2 316.7 17.8c-11.7-23.6-45.6-23.9-57.4 0z\"><\/path><\/svg>\t\t\t\t\t\t<\/span>\n\t\t\t\t\t\t\t\t\t\t<span class=\"elementor-icon-list-text\">Trajnostni materiali za odgovorno izbiro.<\/span>\n\t\t\t\t\t\t\t\t\t<\/li>\n\t\t\t\t\t\t<\/ul>\n\t\t\t\t\t\t<\/div>\n\t\t<div class=\"elementor-element elementor-element-521cd73 e-con-full e-flex e-con e-child\" data-id=\"521cd73\" data-element_type=\"container\" data-e-type=\"container\">\n\t\t\t\t<div class=\"elementor-element elementor-element-acb0259 elementor-widget__width-auto elementor-widget elementor-widget-button\" data-id=\"acb0259\" data-element_type=\"widget\" data-e-type=\"widget\" data-widget_type=\"button.default\">\n\t\t\t\t\t\t\t\t\t\t<a class=\"elementor-button elementor-button-link elementor-size-sm\" href=\"#\">\n\t\t\t\t\t\t<span class=\"elementor-button-content-wrapper\">\n\t\t\t\t\t\t\t\t\t<span class=\"elementor-button-text\">Oglejte si ve\u010d<\/span>\n\t\t\t\t\t<\/span>\n\t\t\t\t\t<\/a>\n\t\t\t\t\t\t\t\t<\/div>\n\t\t\t\t<div class=\"elementor-element elementor-element-976478d elementor-widget__width-auto elementor-widget elementor-widget-button\" data-id=\"976478d\" data-element_type=\"widget\" data-e-type=\"widget\" data-widget_type=\"button.default\">\n\t\t\t\t\t\t\t\t\t\t<a class=\"elementor-button elementor-button-link elementor-size-sm\" href=\"#\">\n\t\t\t\t\t\t<span class=\"elementor-button-content-wrapper\">\n\t\t\t\t\t\t\t\t\t<span class=\"elementor-button-text\">Kontaktirajte nas<\/span>\n\t\t\t\t\t<\/span>\n\t\t\t\t\t<\/a>\n\t\t\t\t\t\t\t\t<\/div>\n\t\t\t\t<\/div>\n\t\t\t\t<\/div>\n\t\t\t\t\t<\/div>\n\t\t\t\t<\/div>\n\t\t<div class=\"elementor-element elementor-element-b2dfcd5 e-flex e-con-boxed e-con e-parent\" data-id=\"b2dfcd5\" data-element_type=\"container\" data-e-type=\"container\">\n\t\t\t\t\t<div class=\"e-con-inner\">\n\t\t<div class=\"elementor-element elementor-element-1b3dc43 e-con-full e-flex e-con e-child\" data-id=\"1b3dc43\" data-element_type=\"container\" data-e-type=\"container\">\n\t\t\t\t<div class=\"elementor-element elementor-element-b4d240b elementor-widget elementor-widget-image\" data-id=\"b4d240b\" data-element_type=\"widget\" data-e-type=\"widget\" data-widget_type=\"image.default\">\n\t\t\t\t\t\t\t\t\t\t\t\t\t\t\t<img fetchpriority=\"high\" decoding=\"async\" width=\"1920\" height=\"1080\" src=\"https:\/\/reliefko.si\/wp-content\/uploads\/2026\/03\/placeholder-demo-image-scaled-1.jpg\" class=\"attachment-full size-full wp-image-189\" alt=\"\" srcset=\"https:\/\/reliefko.si\/wp-content\/uploads\/2026\/03\/placeholder-demo-image-scaled-1.jpg 1920w, https:\/\/reliefko.si\/wp-content\/uploads\/2026\/03\/placeholder-demo-image-scaled-1-300x169.jpg 300w, https:\/\/reliefko.si\/wp-content\/uploads\/2026\/03\/placeholder-demo-image-scaled-1-1024x576.jpg 1024w, https:\/\/reliefko.si\/wp-content\/uploads\/2026\/03\/placeholder-demo-image-scaled-1-768x432.jpg 768w, https:\/\/reliefko.si\/wp-content\/uploads\/2026\/03\/placeholder-demo-image-scaled-1-1536x864.jpg 1536w, https:\/\/reliefko.si\/wp-content\/uploads\/2026\/03\/placeholder-demo-image-scaled-1-600x338.jpg 600w\" sizes=\"(max-width: 1920px) 100vw, 1920px\" \/>\t\t\t\t\t\t\t\t\t\t\t\t\t\t\t<\/div>\n\t\t\t\t<\/div>\n\t\t\t\t\t<\/div>\n\t\t\t\t<\/div>\n\t\t<div class=\"elementor-element elementor-element-edc91cc e-flex e-con-boxed e-con e-parent\" data-id=\"edc91cc\" data-element_type=\"container\" data-e-type=\"container\">\n\t\t\t\t\t<div class=\"e-con-inner\">\n\t\t<div class=\"elementor-element elementor-element-9040d2b e-con-full e-flex e-con e-child\" data-id=\"9040d2b\" data-element_type=\"container\" data-e-type=\"container\">\n\t\t\t\t<div class=\"elementor-element elementor-element-74026e1 elementor-widget elementor-widget-heading\" data-id=\"74026e1\" data-element_type=\"widget\" data-e-type=\"widget\" data-widget_type=\"heading.default\">\n\t\t\t\t\t<h2 class=\"elementor-heading-title elementor-size-default\">Na\u0161i edinstveni izdelki<\/h2>\t\t\t\t<\/div>\n\t\t\t\t<div class=\"elementor-element elementor-element-c2db2cb elementor-widget elementor-widget-heading\" data-id=\"c2db2cb\" data-element_type=\"widget\" data-e-type=\"widget\" data-widget_type=\"heading.default\">\n\t\t\t\t\t<h5 class=\"elementor-heading-title elementor-size-default\">Odkrijte na\u0161e \u010dudovite gorske dekoracije in u\u017eivajte v naravi.<\/h5>\t\t\t\t<\/div>\n\t\t\t\t<\/div>\n\t\t\t\t<div class=\"elementor-element elementor-element-ed7da06 elementor-widget elementor-widget-nested-carousel\" data-id=\"ed7da06\" data-element_type=\"widget\" data-e-type=\"widget\" data-widget_type=\"nested-carousel.default\">\n\t\t\t\t<div class=\"elementor-widget-container\">\n\t\t\t\t\t \t\t\t\t<\/div>\n\t\t\t\t<\/div>\n\t\t\t\t\t<\/div>\n\t\t\t\t<\/div>\n\t\t<div class=\"elementor-element elementor-element-30d36f0 e-flex e-con-boxed e-con e-parent\" data-id=\"30d36f0\" data-element_type=\"container\" data-e-type=\"container\">\n\t\t\t\t\t<div class=\"e-con-inner\">\n\t\t<div class=\"elementor-element elementor-element-9e09636 e-con-full e-flex e-con e-child\" data-id=\"9e09636\" data-element_type=\"container\" data-e-type=\"container\">\n\t\t\t\t<div class=\"elementor-element elementor-element-e812248 elementor-widget elementor-widget-image\" data-id=\"e812248\" data-element_type=\"widget\" data-e-type=\"widget\" data-widget_type=\"image.default\">\n\t\t\t\t\t\t\t\t\t\t\t\t\t\t\t<img decoding=\"async\" width=\"800\" height=\"800\" src=\"https:\/\/reliefko.si\/wp-content\/uploads\/2026\/03\/wireframe-img-1-e1708013680578-1024x1024.png\" class=\"attachment-large size-large wp-image-192\" alt=\"\" srcset=\"https:\/\/reliefko.si\/wp-content\/uploads\/2026\/03\/wireframe-img-1-e1708013680578-1024x1024.png 1024w, https:\/\/reliefko.si\/wp-content\/uploads\/2026\/03\/wireframe-img-1-e1708013680578-300x300.png 300w, https:\/\/reliefko.si\/wp-content\/uploads\/2026\/03\/wireframe-img-1-e1708013680578-150x150.png 150w, https:\/\/reliefko.si\/wp-content\/uploads\/2026\/03\/wireframe-img-1-e1708013680578-768x767.png 768w, https:\/\/reliefko.si\/wp-content\/uploads\/2026\/03\/wireframe-img-1-e1708013680578-600x599.png 600w, https:\/\/reliefko.si\/wp-content\/uploads\/2026\/03\/wireframe-img-1-e1708013680578-100x100.png 100w, https:\/\/reliefko.si\/wp-content\/uploads\/2026\/03\/wireframe-img-1-e1708013680578.png 1081w\" sizes=\"(max-width: 800px) 100vw, 800px\" \/>\t\t\t\t\t\t\t\t\t\t\t\t\t\t\t<\/div>\n\t\t\t\t<div class=\"elementor-element elementor-element-130034c elementor-widget__width-auto elementor-absolute elementor-widget elementor-widget-image\" data-id=\"130034c\" data-element_type=\"widget\" data-e-type=\"widget\" data-settings=\"{&quot;_position&quot;:&quot;absolute&quot;}\" data-widget_type=\"image.default\">\n\t\t\t\t\t\t\t\t\t\t\t\t\t\t\t<img decoding=\"async\" width=\"800\" height=\"800\" src=\"https:\/\/reliefko.si\/wp-content\/uploads\/2026\/03\/wireframe-img-1-e1708013680578-1024x1024.png\" class=\"attachment-large size-large wp-image-192\" alt=\"\" srcset=\"https:\/\/reliefko.si\/wp-content\/uploads\/2026\/03\/wireframe-img-1-e1708013680578-1024x1024.png 1024w, https:\/\/reliefko.si\/wp-content\/uploads\/2026\/03\/wireframe-img-1-e1708013680578-300x300.png 300w, https:\/\/reliefko.si\/wp-content\/uploads\/2026\/03\/wireframe-img-1-e1708013680578-150x150.png 150w, https:\/\/reliefko.si\/wp-content\/uploads\/2026\/03\/wireframe-img-1-e1708013680578-768x767.png 768w, https:\/\/reliefko.si\/wp-content\/uploads\/2026\/03\/wireframe-img-1-e1708013680578-600x599.png 600w, https:\/\/reliefko.si\/wp-content\/uploads\/2026\/03\/wireframe-img-1-e1708013680578-100x100.png 100w, https:\/\/reliefko.si\/wp-content\/uploads\/2026\/03\/wireframe-img-1-e1708013680578.png 1081w\" sizes=\"(max-width: 800px) 100vw, 800px\" \/>\t\t\t\t\t\t\t\t\t\t\t\t\t\t\t<\/div>\n\t\t\t\t<\/div>\n\t\t<div class=\"elementor-element elementor-element-c4c3ae7 e-con-full e-flex e-con e-child\" data-id=\"c4c3ae7\" data-element_type=\"container\" data-e-type=\"container\">\n\t\t\t\t<div class=\"elementor-element elementor-element-fc19d65 elementor-widget-tablet__width-inherit elementor-widget elementor-widget-heading\" data-id=\"fc19d65\" data-element_type=\"widget\" data-e-type=\"widget\" data-widget_type=\"heading.default\">\n\t\t\t\t\t<h2 class=\"elementor-heading-title elementor-size-default\">Customer Reviews<\/h2>\t\t\t\t<\/div>\n\t\t\t\t<div class=\"elementor-element elementor-element-674de4b elementor-widget-tablet__width-initial elementor-widget-mobile__width-inherit elementor-widget elementor-widget-testimonial\" data-id=\"674de4b\" data-element_type=\"widget\" data-e-type=\"widget\" data-widget_type=\"testimonial.default\">\n\t\t\t\t\t\t\t<div class=\"elementor-testimonial-wrapper\">\n\t\t\t\t\t\t\t<div class=\"elementor-testimonial-content\">\u201cA review from a customer who benefited from your product. Reviews can be a highly effective way of establishing credibility and increasing your company's reputation.\u201d<\/div>\n\t\t\t\n\t\t\t\t\t\t<div class=\"elementor-testimonial-meta elementor-has-image elementor-testimonial-image-position-aside\">\n\t\t\t\t<div class=\"elementor-testimonial-meta-inner\">\n\t\t\t\t\t\t\t\t\t\t\t<div class=\"elementor-testimonial-image\">\n\t\t\t\t\t\t\t<img decoding=\"async\" width=\"1081\" height=\"1080\" src=\"https:\/\/reliefko.si\/wp-content\/uploads\/2026\/03\/wireframe-img-1-e1708013680578.png\" class=\"attachment-full size-full wp-image-192\" alt=\"\" srcset=\"https:\/\/reliefko.si\/wp-content\/uploads\/2026\/03\/wireframe-img-1-e1708013680578.png 1081w, https:\/\/reliefko.si\/wp-content\/uploads\/2026\/03\/wireframe-img-1-e1708013680578-300x300.png 300w, https:\/\/reliefko.si\/wp-content\/uploads\/2026\/03\/wireframe-img-1-e1708013680578-1024x1024.png 1024w, https:\/\/reliefko.si\/wp-content\/uploads\/2026\/03\/wireframe-img-1-e1708013680578-150x150.png 150w, https:\/\/reliefko.si\/wp-content\/uploads\/2026\/03\/wireframe-img-1-e1708013680578-768x767.png 768w, https:\/\/reliefko.si\/wp-content\/uploads\/2026\/03\/wireframe-img-1-e1708013680578-600x599.png 600w, https:\/\/reliefko.si\/wp-content\/uploads\/2026\/03\/wireframe-img-1-e1708013680578-100x100.png 100w\" sizes=\"(max-width: 1081px) 100vw, 1081px\" \/>\t\t\t\t\t\t<\/div>\n\t\t\t\t\t\n\t\t\t\t\t\t\t\t\t\t<div class=\"elementor-testimonial-details\">\n\t\t\t\t\t\t\t\t\t\t\t\t\t\t<div class=\"elementor-testimonial-name\">Customer Name<\/div>\n\t\t\t\t\t\t\t\t\t\t\t\t\t\t\t\t\t\t\t<\/div>\n\t\t\t\t\t\t\t\t\t<\/div>\n\t\t\t<\/div>\n\t\t\t\t\t<\/div>\n\t\t\t\t\t\t<\/div>\n\t\t\t\t<div class=\"elementor-element elementor-element-e81cf2e elementor-widget-tablet__width-initial elementor-widget-mobile__width-inherit elementor-widget elementor-widget-testimonial\" data-id=\"e81cf2e\" data-element_type=\"widget\" data-e-type=\"widget\" data-widget_type=\"testimonial.default\">\n\t\t\t\t\t\t\t<div class=\"elementor-testimonial-wrapper\">\n\t\t\t\t\t\t\t<div class=\"elementor-testimonial-content\">\u201cA review from a customer who benefited from your product. Reviews can be a highly effective way of establishing credibility and increasing your company's reputation.\u201d<\/div>\n\t\t\t\n\t\t\t\t\t\t<div class=\"elementor-testimonial-meta elementor-has-image elementor-testimonial-image-position-aside\">\n\t\t\t\t<div class=\"elementor-testimonial-meta-inner\">\n\t\t\t\t\t\t\t\t\t\t\t<div class=\"elementor-testimonial-image\">\n\t\t\t\t\t\t\t<img decoding=\"async\" width=\"1081\" height=\"1080\" src=\"https:\/\/reliefko.si\/wp-content\/uploads\/2026\/03\/wireframe-img-1-e1708013680578.png\" class=\"attachment-full size-full wp-image-192\" alt=\"\" srcset=\"https:\/\/reliefko.si\/wp-content\/uploads\/2026\/03\/wireframe-img-1-e1708013680578.png 1081w, https:\/\/reliefko.si\/wp-content\/uploads\/2026\/03\/wireframe-img-1-e1708013680578-300x300.png 300w, https:\/\/reliefko.si\/wp-content\/uploads\/2026\/03\/wireframe-img-1-e1708013680578-1024x1024.png 1024w, https:\/\/reliefko.si\/wp-content\/uploads\/2026\/03\/wireframe-img-1-e1708013680578-150x150.png 150w, https:\/\/reliefko.si\/wp-content\/uploads\/2026\/03\/wireframe-img-1-e1708013680578-768x767.png 768w, https:\/\/reliefko.si\/wp-content\/uploads\/2026\/03\/wireframe-img-1-e1708013680578-600x599.png 600w, https:\/\/reliefko.si\/wp-content\/uploads\/2026\/03\/wireframe-img-1-e1708013680578-100x100.png 100w\" sizes=\"(max-width: 1081px) 100vw, 1081px\" \/>\t\t\t\t\t\t<\/div>\n\t\t\t\t\t\n\t\t\t\t\t\t\t\t\t\t<div class=\"elementor-testimonial-details\">\n\t\t\t\t\t\t\t\t\t\t\t\t\t\t<div class=\"elementor-testimonial-name\">Customer Name<\/div>\n\t\t\t\t\t\t\t\t\t\t\t\t\t\t\t\t\t\t\t<\/div>\n\t\t\t\t\t\t\t\t\t<\/div>\n\t\t\t<\/div>\n\t\t\t\t\t<\/div>\n\t\t\t\t\t\t<\/div>\n\t\t\t\t<\/div>\n\t\t\t\t\t<\/div>\n\t\t\t\t<\/div>\n\t\t<div class=\"elementor-element elementor-element-4d6dc43 e-flex e-con-boxed e-con e-parent\" data-id=\"4d6dc43\" data-element_type=\"container\" data-e-type=\"container\" data-settings=\"{&quot;background_background&quot;:&quot;classic&quot;}\">\n\t\t\t\t\t<div class=\"e-con-inner\">\n\t\t<div class=\"elementor-element elementor-element-3661c81 e-con-full e-flex e-con e-child\" data-id=\"3661c81\" data-element_type=\"container\" data-e-type=\"container\">\n\t\t\t\t<div class=\"elementor-element elementor-element-1f46196 elementor-widget elementor-widget-heading\" data-id=\"1f46196\" data-element_type=\"widget\" data-e-type=\"widget\" data-widget_type=\"heading.default\">\n\t\t\t\t\t<h2 class=\"elementor-heading-title elementor-size-default\">Medium length CTA heading goes here<\/h2>\t\t\t\t<\/div>\n\t\t\t\t<div class=\"elementor-element elementor-element-39bd98e elementor-widget elementor-widget-text-editor\" data-id=\"39bd98e\" data-element_type=\"widget\" data-e-type=\"widget\" data-widget_type=\"text-editor.default\">\n\t\t\t\t\t\t\t\t\t<p>I am text block. Click edit button to change this text. Lorem ipsum dolor sit amet, consectetur adipiscing elit. Ut elit tellus, luctus nec ullamcorper.<\/p>\t\t\t\t\t\t\t\t<\/div>\n\t\t\t\t<div class=\"elementor-element elementor-element-00450ba elementor-widget elementor-widget-form\" data-id=\"00450ba\" data-element_type=\"widget\" data-e-type=\"widget\" data-widget_type=\"form.default\">\n\t\t\t\t<div class=\"elementor-widget-container\">\n\t\t\t\t\t \t\t\t\t<\/div>\n\t\t\t\t<\/div>\n\t\t\t\t<div class=\"elementor-element elementor-element-cdd1db5 elementor-widget elementor-widget-text-editor\" data-id=\"cdd1db5\" data-element_type=\"widget\" data-e-type=\"widget\" data-widget_type=\"text-editor.default\">\n\t\t\t\t\t\t\t\t\t<p>By clicking Sign Up you&#8217;re confirming that you agree with our Terms and Conditions.<\/p>\t\t\t\t\t\t\t\t<\/div>\n\t\t\t\t<\/div>\n\t\t\t\t\t<\/div>\n\t\t\t\t<\/div>\n\t\t\t\t<\/div>\n\t\t","protected":false},"excerpt":{"rendered":"<p>Na\u0161a zgodba U\u017eivajte v naravi z na\u0161imi unikatnimi dekoracijami Odkrijte \u010darobne trenutke narave skozi na\u0161e 3D tiskane pokrajinske dekoracije. Vsak izdelek je zasnovan z ljubeznijo in pozornostjo, da vam prinese ob\u010dutek miru in lepote. Razveselite svoj dom ter se pove\u017eite z naravo na edinstven na\u010din. Razi\u0161\u010dite zdaj! Na\u0161a poslanstvo Odkrijte edinstvene 3D tiskane umetnine Na\u0161a [&hellip;]<\/p>\n","protected":false},"author":1,"featured_media":0,"parent":0,"menu_order":0,"comment_status":"closed","ping_status":"closed","template":"","meta":{"footnotes":""},"class_list":["post-181","page","type-page","status-publish","hentry"],"_links":{"self":[{"href":"https:\/\/reliefko.si\/index.php\/wp-json\/wp\/v2\/pages\/181","targetHints":{"allow":["GET"]}}],"collection":[{"href":"https:\/\/reliefko.si\/index.php\/wp-json\/wp\/v2\/pages"}],"about":[{"href":"https:\/\/reliefko.si\/index.php\/wp-json\/wp\/v2\/types\/page"}],"author":[{"embeddable":true,"href":"https:\/\/reliefko.si\/index.php\/wp-json\/wp\/v2\/users\/1"}],"replies":[{"embeddable":true,"href":"https:\/\/reliefko.si\/index.php\/wp-json\/wp\/v2\/comments?post=181"}],"version-history":[{"count":2,"href":"https:\/\/reliefko.si\/index.php\/wp-json\/wp\/v2\/pages\/181\/revisions"}],"predecessor-version":[{"id":207,"href":"https:\/\/reliefko.si\/index.php\/wp-json\/wp\/v2\/pages\/181\/revisions\/207"}],"wp:attachment":[{"href":"https:\/\/reliefko.si\/index.php\/wp-json\/wp\/v2\/media?parent=181"}],"curies":[{"name":"wp","href":"https:\/\/api.w.org\/{rel}","templated":true}]}}